{"id":15,"date":"2018-10-22T14:51:33","date_gmt":"2018-10-22T14:51:33","guid":{"rendered":"https:\/\/weihnachtsbaumhof-messthaler.de\/?page_id=15"},"modified":"2021-05-08T07:36:09","modified_gmt":"2021-05-08T07:36:09","slug":"weihnachtsbaumkulturen","status":"publish","type":"page","link":"https:\/\/weihnachtsbaumhof-messthaler.de\/?page_id=15","title":{"rendered":"Weihnachtsbaumkulturen"},"content":{"rendered":"<h4 style=\"text-align: center;\">Weihnachtsb\u00e4ume aus Bayern<\/h4>\n<h4 style=\"text-align: center;\">&#8211; Bayerischer Christbaum &#8211;<\/h4>\n<p><span style=\"font-family: arial, helvetica, sans-serif; font-size: 14pt;\">In unseren Weihnachtsbaumkulturen haben wir \u00fcber 12.000 B\u00e4ume. Nordmanntannen, Blaufichten und Kiefern sowie topfgewachsene Nordmanntannen wachsen bei uns nat\u00fcrlich ohne chemischen Pflanzenschutz. Kein Spritzen &#8211; keine Unkrautbek\u00e4mpfung.<\/span><\/p>\n<p><span style=\"font-family: arial, helvetica, sans-serif; font-size: 14pt;\">In den Kulturen bleibt die Fl\u00e4che zwischen den Weihnachtsb\u00e4umen mit Gras bestockt und wird nicht gespritzt. Die Fl\u00e4chen sind immer begr\u00fcnt und mit Grasnarbe (Wiese bestockt).<\/span><\/p>\n<p><span style=\"font-family: arial, helvetica, sans-serif; font-size: 14pt;\">Dieser naturnaher Anbau der Weihnachtsb\u00e4ume ist zwar durch das Ausm\u00e4hen der B\u00e4ume wesentlich arbeitsintensiver, aber es wachsen nat\u00fcrliche Weihnachtsb\u00e4ume ohne chemische Unkrautbek\u00e4mpfung und Pflanzenschutz.<\/span><\/p>\n<p><span style=\"font-family: arial, helvetica, sans-serif; font-size: 14pt;\">Auf den Fl\u00e4chen wird auch keine Bodenbearbeitung wie pfl\u00fcgen, fr\u00e4sen und pflanzen mit Pflanzmaschine usw. durchgef\u00fchrt. Die Pflanzungen der Weihnachtsbaumpflanzen werden per Handpflanzung ausgef\u00fchrt (keine Maschinenpflanzung).<\/span><\/p>\n<p><span style=\"font-family: arial, helvetica, sans-serif; font-size: 14pt;\">Bei der &#8222;Ernte&#8220; der Weihnachtsb\u00e4ume machen wir keine fl\u00e4chige Rodung bzw. keine komplette Entnahme der Weihnachtsb\u00e4ume, nur Einzelentnahme, so dass immer eine nat\u00fcrliche stufige Kultur mit einer artenreichen Flora und Fauna bestehen bleibt. An Stellen an denen wir B\u00e4ume entnommen haben, werden wieder Kleine nachgepflanzt.<\/span><\/p>\n<p><span style=\"font-family: arial, helvetica, sans-serif; font-size: 14pt;\">Unsere Kulturen sind keine plantageartigen Fl\u00e4chen, sondern haben eine sehr artenreiche Flora und Fauna, sind mit Hecken, Str\u00e4uchern, Laub- und Obstb\u00e4umen umgeben. Zus\u00e4tzlich sind in den Kulturen Nistk\u00e4sten, Halbh\u00f6hlen, Sitzstangen, Insektenk\u00e4sten und Nieschenbr\u00fcterk\u00e4sten f\u00fcr V\u00f6gel vorhanden.<\/span><\/p>\n<p><span style=\"font-family: arial, helvetica, sans-serif; font-size: 14pt;\">Durch diese nachhaltige und extensive Nutzung der Fl\u00e4chen und die lange Zeit bis zum Weihnachtsbaum sind f\u00fcr viele Lebewesen und Pflanzen sehr gute Bedingungen entstanden.<\/span><\/p>\n<p><span style=\"font-family: arial, helvetica, sans-serif; font-size: 14pt;\">Eine lange Zeit vergeht bis sich aus dem Samen ein sch\u00f6ner Weihnachtsbaum entwickelt.<\/span><\/p>\n<p><span style=\"font-family: arial, helvetica, sans-serif; font-size: 14pt;\">&#8211; Nach einem Jahr misst die Weihnachtsbaumpflanze nur wenige <\/span><span style=\"font-family: arial, helvetica, sans-serif; font-size: 14pt;\">Zentimeter<\/span><\/p>\n<p><span style=\"font-family: arial, helvetica, sans-serif; font-size: 14pt;\">&#8211; Nach drei Jahren ist die Weihnachtsbaumpflanze ca. 12 &#8211; 15 cm <\/span><span style=\"font-family: arial, helvetica, sans-serif; font-size: 14pt;\">gro\u00df<\/span><\/p>\n<p><span style=\"font-family: arial, helvetica, sans-serif; font-size: 14pt;\">&#8211; In Handarbeit werden diese Pflanzen bei uns in den Kulturen <\/span><span style=\"font-family: arial, helvetica, sans-serif; font-size: 14pt;\">eingepflanzt<\/span><\/p>\n<p><span style=\"font-family: arial, helvetica, sans-serif; font-size: 14pt;\">&#8211; In den n\u00e4chsten ca. 8 &#8211; 12 Jahren sind viele unterschiedliche <\/span><span style=\"font-family: arial, helvetica, sans-serif; font-size: 14pt;\">Arbeiten notwendig: <\/span><span style=\"font-family: arial, helvetica, sans-serif; font-size: 14pt;\">Ausm\u00e4hen des Grasaufwuchses, Pflegearbeiten, Nachpflanzungen, <\/span><span style=\"font-family: arial, helvetica, sans-serif; font-size: 14pt;\">Terminalverk\u00fcrzung und Formschnitt, <\/span><span style=\"font-family: arial, helvetica, sans-serif; font-size: 14pt;\">Wissen sowie Erfahrung<\/span><span style=\"font-family: arial, helvetica, sans-serif; font-size: 14pt;\"> spielen hier eine gro\u00dfe Rolle. <\/span><span style=\"font-family: arial, helvetica, sans-serif; font-size: 14pt;\">Ein junger, noch nicht verholzter Terminaltrieb bricht sehr leicht, <\/span><span style=\"font-family: arial, helvetica, sans-serif; font-size: 14pt;\">deshalb werden St\u00e4be <\/span><span style=\"font-family: arial, helvetica, sans-serif; font-size: 14pt;\">angebracht, damit V\u00f6gel hier eine <\/span><span style=\"font-family: arial, helvetica, sans-serif; font-size: 14pt;\">&#8222;Sitzm\u00f6glichkeit&#8220; haben.<\/span><\/p>\n<p><span style=\"font-family: arial, helvetica, sans-serif; font-size: 14pt;\">&#8211; Nach ca. 13 Jahren hat der Baum seine Form und Gr\u00f6\u00dfe erreicht <\/span><span style=\"font-family: arial, helvetica, sans-serif; font-size: 14pt;\">und Sie d\u00fcrfen sich <\/span><span style=\"font-family: arial, helvetica, sans-serif; font-size: 14pt;\">am sch\u00f6nsten Fest im Jahr &#8211; Weihnachten &#8211; an <\/span><span style=\"font-family: arial, helvetica, sans-serif; font-size: 14pt;\">ihm als geschm\u00fcckten Weihnachtsbaum <\/span><span style=\"font-family: arial, helvetica, sans-serif; font-size: 14pt;\">erfreuen<\/span><\/p>\n<p><span style=\"font-family: arial, helvetica, sans-serif; font-size: 14pt;\">Jedes Jahr werden neue Pflanzen nachgepflanzt damit Ihnen immer sch\u00f6ne Weihnachtsb\u00e4ume zur Auswahl stehen.<\/span><\/p>\n<p><span style=\"font-family: arial, helvetica, sans-serif; font-size: 14pt;\"><u>Topfbaumkultur:<\/u><\/span><\/p>\n<p><span style=\"font-family: arial, helvetica, sans-serif; font-size: 14pt;\">Unsere topfgewachsenen Nordmanntannen sind von klein auf im Topf gewachsen und seit ihren fr\u00fchesten Jahren im Topf gezogen und gepflegt.<\/span><\/p>\n<p><span style=\"font-family: arial, helvetica, sans-serif; font-size: 14pt;\">Da der Baum im Topf gewachsen ist, hat er ein gesundes und vitales Wurzelsystem gebildet und kann jederzeit im Garten oder Wald ausgepflanzt werden. Viele pflanzen ihn auch auf den Balkon oder Terasse in einen gr\u00f6\u00dferen Topf.<\/span><\/p>\n<p><span style=\"font-family: arial, helvetica, sans-serif; font-size: 14pt;\">Die topfgewachsenen B\u00e4ume sind einzigartig, da die meisten Topfb\u00e4ume in Baum\u00e4rkten usw. nur topfgedr\u00fcckt sind. Solche B\u00e4ume werden kurz vor dem Verkauf ausgegraben, die Wurzeln abgeschnitten und in einen Topf gesetzt.<\/span><\/p>\n<p><span style=\"font-family: arial, helvetica, sans-serif; font-size: 14pt;\"><strong>Deshalb nur unsere topfgewachsenen Nordmanntannen.<\/strong><\/span><\/p>\n<p><span style=\"font-family: arial, helvetica, sans-serif; font-size: 14pt;\">Topfgewachsene Weihnachtsb\u00e4ume finden immer mehr Interesse. Zu Weihnachten steht der Topfbaum geschm\u00fcckt als Weihnachtsbaum im Haus und im Fr\u00fchjahr kann er problemlos ins Freie ausgepflanzt werden, da sich zahlreiche Wurzeln gebildet haben und diese dann im Erdboden einfach weiterwachsen.<\/span><\/p>\n<p><span style=\"font-family: arial, helvetica, sans-serif; font-size: 14pt;\">Weihnachtsbaumkulturen sind auch sehr gut f\u00fcr die Umwelt!<\/span><\/p>\n<p><span style=\"font-family: arial, helvetica, sans-serif; font-size: 14pt;\">Alleine als Sauerstoffproduzent ist eine Weihnachtsbaumkultur wertvoll. Au\u00dferdem kann sich durch die lange Bestandszeit der B\u00e4ume eine Fauna und Flora entwickeln, welche bei normalem Ackerbau nicht m\u00f6glich ist. Studien zeigen auch, das ein nat\u00fcrlicher Weihnachtsbaum um ein Vielfaches umweltfreundlicher ist als ein k\u00fcnstlicher Baum. Forstexperten haben ermittelt, das auf einem Hektar einer Weihnachtsbaumkultur w\u00e4hrend der Wachstumsphase von zehn Jahren bis zu 145 Tonnen CO<sub>2<\/sub> gebunden werden und gleichzeitig bis zu 105 Tonnen Sauerstoff produziert werden.<\/span><\/p>\n<p><span style=\"font-family: arial, helvetica, sans-serif; font-size: 14pt;\">Viele Tierarten ben\u00f6tigen ein Umfeld mit halbhohem Bewuchs. Dieses Umfeld bieten aber weder Ackerfl\u00e4chen noch Wiesen oder W\u00e4lder. Viele dieser Tierarten findet man heute aber in den Weihnachtsbaumkulturen. Zum Beispiel zeigt eine Untersuchung aus dem Sauerland, dass 80 % Brutpaare der Heidelerche ihren Nistplatz in Weihnachtsbaumkulturen haben.<\/span><\/p>\n<p><span style=\"font-family: arial, helvetica, sans-serif; font-size: 14pt;\">Nordmanntannen sind au\u00dferdem besonders nadelfest. Jedes Jahr w\u00e4chst mit den neuen Trieben eine neuen Generation Nadeln heran.<\/span><\/p>\n","protected":false},"excerpt":{"rendered":"<p>Weihnachtsb\u00e4ume aus Bayern &#8211; Bayerischer Christbaum &#8211; In unseren Weihnachtsbaumkulturen haben wir \u00fcber 12.000 B\u00e4ume. Nordmanntannen, Blaufichten und Kiefern sowie topfgewachsene Nordmanntannen wachsen bei uns nat\u00fcrlich ohne chemischen Pflanzenschutz. Kein Spritzen &#8211; keine Unkrautbek\u00e4mpfung. In den Kulturen bleibt die Fl\u00e4che<\/p>\n","protected":false},"author":1,"featured_media":0,"parent":0,"menu_order":0,"comment_status":"closed","ping_status":"closed","template":"","meta":{"footnotes":""},"class_list":["post-15","page","type-page","status-publish","hentry"],"_links":{"self":[{"href":"https:\/\/weihnachtsbaumhof-messthaler.de\/index.php?rest_route=\/wp\/v2\/pages\/15","targetHints":{"allow":["GET"]}}],"collection":[{"href":"https:\/\/weihnachtsbaumhof-messthaler.de\/index.php?rest_route=\/wp\/v2\/pages"}],"about":[{"href":"https:\/\/weihnachtsbaumhof-messthaler.de\/index.php?rest_route=\/wp\/v2\/types\/page"}],"author":[{"embeddable":true,"href":"https:\/\/weihnachtsbaumhof-messthaler.de\/index.php?rest_route=\/wp\/v2\/users\/1"}],"replies":[{"embeddable":true,"href":"https:\/\/weihnachtsbaumhof-messthaler.de\/index.php?rest_route=%2Fwp%2Fv2%2Fcomments&post=15"}],"version-history":[{"count":10,"href":"https:\/\/weihnachtsbaumhof-messthaler.de\/index.php?rest_route=\/wp\/v2\/pages\/15\/revisions"}],"predecessor-version":[{"id":561,"href":"https:\/\/weihnachtsbaumhof-messthaler.de\/index.php?rest_route=\/wp\/v2\/pages\/15\/revisions\/561"}],"wp:attachment":[{"href":"https:\/\/weihnachtsbaumhof-messthaler.de\/index.php?rest_route=%2Fwp%2Fv2%2Fmedia&parent=15"}],"curies":[{"name":"wp","href":"https:\/\/api.w.org\/{rel}","templated":true}]}}