{"id":17,"date":"2018-10-22T14:51:33","date_gmt":"2018-10-22T14:51:33","guid":{"rendered":"https:\/\/weihnachtsbaumhof-messthaler.de\/?page_id=17"},"modified":"2018-10-29T12:39:28","modified_gmt":"2018-10-29T12:39:28","slug":"tipps","status":"publish","type":"page","link":"https:\/\/weihnachtsbaumhof-messthaler.de\/?page_id=17","title":{"rendered":"Tipps"},"content":{"rendered":"<p><span style=\"font-family: arial, helvetica, sans-serif; font-size: 18pt; color: #339966;\"><strong><u>Tipps f\u00fcr mehr Freude am Weihnachtsbaum<\/u><\/strong><\/span><\/p>\n<p>&nbsp;<\/p>\n<p><span style=\"font-family: arial, helvetica, sans-serif; font-size: 14pt;\">&#8211; Nach dem Kauf bewahren Sie den Baum im Netz an einem m\u00f6glichst <\/span><span style=\"font-family: arial, helvetica, sans-serif; font-size: 14pt;\">k\u00fchlen sowie <\/span><span style=\"font-family: arial, helvetica, sans-serif; font-size: 14pt;\">wind- und sonnengesch\u00fctzten Ort auf &#8211; wichtig ist, dass <\/span><span style=\"font-family: arial, helvetica, sans-serif; font-size: 14pt;\">der Baum Feuchtigkeit <\/span><span style=\"font-family: arial, helvetica, sans-serif; font-size: 14pt;\">\u00a0(Schnee, Regen, Nebel etc.) \u00fcber die Nadeln <\/span><span style=\"font-family: arial, helvetica, sans-serif; font-size: 14pt;\">aufnehmen kann<\/span><\/p>\n<p><span style=\"font-family: arial, helvetica, sans-serif; font-size: 14pt;\">&#8211; Keinesfalls in einer luftdichten Verpackung lagern<\/span><\/p>\n<p><span style=\"font-family: arial, helvetica, sans-serif; font-size: 14pt;\">&#8211; Um Austrocknen des Baumes zu vermeiden, stellen Sie ihn in einen <\/span><span style=\"font-family: arial, helvetica, sans-serif; font-size: 14pt;\">Eimer Wasser<\/span><\/p>\n<p><span style=\"font-family: arial, helvetica, sans-serif; font-size: 14pt;\">&#8211; Vor dem Aufstellen nach M\u00f6glichkeit ca. 1-2 cm <\/span><span style=\"font-family: arial, helvetica, sans-serif; font-size: 14pt;\">am Stumpf abschneiden<\/span><\/p>\n<p><span style=\"font-family: arial, helvetica, sans-serif; font-size: 14pt;\">&#8211; Stellen Sie den Baum m\u00f6glichst einen Tag vor dem Schm\u00fccken im <\/span><span style=\"font-family: arial, helvetica, sans-serif; font-size: 14pt;\">Wohnbereich auf <\/span><span style=\"font-family: arial, helvetica, sans-serif; font-size: 14pt;\">damit er sich richtig entfalten kann<\/span><\/p>\n<p><span style=\"font-family: arial, helvetica, sans-serif; font-size: 14pt;\">&#8211; Ein etwa 2 m hoher Weihnachtsbaum ben\u00f6tigt bis zu 2 Liter am Tag &#8211; <\/span><span style=\"font-family: arial, helvetica, sans-serif; font-size: 14pt;\">deshalb ist ein <\/span><span style=\"font-family: arial, helvetica, sans-serif; font-size: 14pt;\">St\u00e4nder mit Wasserbeh\u00e4lter von Vorteil. Es sollte <\/span><span style=\"font-family: arial, helvetica, sans-serif; font-size: 14pt;\">t\u00e4glich frisches Wasser nachgef\u00fcllt <\/span><span style=\"font-family: arial, helvetica, sans-serif; font-size: 14pt;\">werden. Sobald der Baum kein <\/span><span style=\"font-family: arial, helvetica, sans-serif; font-size: 14pt;\">Wasser mehr bekommt verschlie\u00dfen sich die Leitbahnen<\/span><\/p>\n<p><span style=\"font-family: arial, helvetica, sans-serif; font-size: 14pt;\">&#8211; Ein geeigneter Platz f\u00fcr den Weihnachtsbaum ist nat\u00fcrlich nicht <\/span><span style=\"font-family: arial, helvetica, sans-serif; font-size: 14pt;\">gerade in der N\u00e4he <\/span><span style=\"font-family: arial, helvetica, sans-serif; font-size: 14pt;\">einer Heizung oder eines Kachelofens etc.. <\/span><span style=\"font-family: arial, helvetica, sans-serif; font-size: 14pt;\">Damit der Baum lange frisch h\u00e4lt und seine Nadeln beh\u00e4lt, sollte die <\/span><span style=\"font-family: arial, helvetica, sans-serif; font-size: 14pt;\">Zimmertemperatur <\/span><span style=\"font-family: arial, helvetica, sans-serif; font-size: 14pt;\">nicht \u00fcber 22\u00b0C sein (nachts etwas k\u00fchler). <\/span><span style=\"font-family: arial, helvetica, sans-serif; font-size: 14pt;\">Frische Luftzufuhr (1 x am Tag ca. 10 Minuten) l\u00e4sst den Baum <\/span><span style=\"font-family: arial, helvetica, sans-serif; font-size: 14pt;\">wieder atmen<\/span><\/p>\n<p><span style=\"font-family: arial, helvetica, sans-serif; font-size: 14pt;\">&#8211; Topfb\u00e4ume sollten in der Regel allerdings nicht l\u00e4nger als ca. 10 <\/span><span style=\"font-family: arial, helvetica, sans-serif; font-size: 14pt;\">Tage im Wohnbereich <\/span><span style=\"font-family: arial, helvetica, sans-serif; font-size: 14pt;\">stehen<\/span><\/p>\n","protected":false},"excerpt":{"rendered":"<p>Tipps f\u00fcr mehr Freude am Weihnachtsbaum &nbsp; &#8211; Nach dem Kauf bewahren Sie den Baum im Netz an einem m\u00f6glichst k\u00fchlen sowie wind- und sonnengesch\u00fctzten Ort auf &#8211; wichtig ist, dass der Baum Feuchtigkeit \u00a0(Schnee, Regen, Nebel etc.) \u00fcber die<\/p>\n","protected":false},"author":1,"featured_media":0,"parent":0,"menu_order":0,"comment_status":"closed","ping_status":"closed","template":"","meta":{"footnotes":""},"class_list":["post-17","page","type-page","status-publish","hentry"],"_links":{"self":[{"href":"https:\/\/weihnachtsbaumhof-messthaler.de\/index.php?rest_route=\/wp\/v2\/pages\/17","targetHints":{"allow":["GET"]}}],"collection":[{"href":"https:\/\/weihnachtsbaumhof-messthaler.de\/index.php?rest_route=\/wp\/v2\/pages"}],"about":[{"href":"https:\/\/weihnachtsbaumhof-messthaler.de\/index.php?rest_route=\/wp\/v2\/types\/page"}],"author":[{"embeddable":true,"href":"https:\/\/weihnachtsbaumhof-messthaler.de\/index.php?rest_route=\/wp\/v2\/users\/1"}],"replies":[{"embeddable":true,"href":"https:\/\/weihnachtsbaumhof-messthaler.de\/index.php?rest_route=%2Fwp%2Fv2%2Fcomments&post=17"}],"version-history":[{"count":5,"href":"https:\/\/weihnachtsbaumhof-messthaler.de\/index.php?rest_route=\/wp\/v2\/pages\/17\/revisions"}],"predecessor-version":[{"id":312,"href":"https:\/\/weihnachtsbaumhof-messthaler.de\/index.php?rest_route=\/wp\/v2\/pages\/17\/revisions\/312"}],"wp:attachment":[{"href":"https:\/\/weihnachtsbaumhof-messthaler.de\/index.php?rest_route=%2Fwp%2Fv2%2Fmedia&parent=17"}],"curies":[{"name":"wp","href":"https:\/\/api.w.org\/{rel}","templated":true}]}}