{"id":21,"date":"2018-10-22T14:51:33","date_gmt":"2018-10-22T14:51:33","guid":{"rendered":"https:\/\/weihnachtsbaumhof-messthaler.de\/?page_id=21"},"modified":"2024-05-25T13:52:01","modified_gmt":"2024-05-25T13:52:01","slug":"obstbrennerei","status":"publish","type":"page","link":"https:\/\/weihnachtsbaumhof-messthaler.de\/?page_id=21","title":{"rendered":"Obstbrennerei"},"content":{"rendered":"<p><span style=\"font-family: arial, helvetica, sans-serif; font-size: 14pt;\">Unser Betrieb ist ein land- und forstwirtschaftlicher Familienbetrieb mit dem Schwerpunkt Anbau und Vermarktung von Weihnachtsb\u00e4umen, Obstbau mit einer Obstbrennerei und Hofladen 24 Selbstbedienung rund um die Uhr.<\/span><\/p>\n<p><span style=\"font-family: arial, helvetica, sans-serif; font-size: 14pt;\">Wir brennen seit 1993 Obstbr\u00e4nde und haben seit 2008 eine eigene Brennerei.<\/span><\/p>\n<p><span style=\"font-family: arial, helvetica, sans-serif; font-size: 14pt;\">Unsere Obstbr\u00e4nde und Lik\u00f6re sind aus nat\u00fcrlichem Obst von <u>unseren<\/u> ungespritzten Streuobstwiesen und Obstg\u00e4rten.<\/span><\/p>\n<p><span style=\"font-family: arial, helvetica, sans-serif; font-size: 14pt;\">Das Brennen erfolgt traditionell mit Holzfeuerung mit Feinbrenner, Dephlegmator, Helm und Verst\u00e4rker mit Doppelk\u00fchlsystem, wo ein aromareiches und ausgezeichnetes Destillat erzeugt wird.<\/span><\/p>\n<p><span style=\"font-family: arial, helvetica, sans-serif; font-size: 14pt;\">Wir bieten Ihnen \u00fcber 40 verschiedene fr\u00e4nkische Obstbr\u00e4nde, Lik\u00f6re und Exklusiv-Spezialit\u00e4ten.<\/span><\/p>\n<p><span style=\"font-family: arial, helvetica, sans-serif; font-size: 14pt;\">Bei einer Schnapsprobe k\u00f6nnen Sie sich gerne davon \u00fcberzeugen.<\/span><\/p>\n<h5><span style=\"font-family: arial, helvetica, sans-serif; font-size: 14pt;\"><u>Unsere Obstbr\u00e4nde:<\/u>\u00a0\u00a0\u00a0\u00a0\u00a0\u00a0\u00a0\u00a0\u00a0\u00a0\u00a0\u00a0\u00a0\u00a0\u00a0 <u>0,35 l Flasche\u00a0\u00a0 9,00 \u20ac <\/u><\/span><\/h5>\n<h5><span style=\"font-family: arial, helvetica, sans-serif; font-size: 14pt;\">\u00a0\u00a0\u00a0\u00a0\u00a0\u00a0\u00a0\u00a0\u00a0\u00a0\u00a0\u00a0\u00a0\u00a0\u00a0\u00a0\u00a0\u00a0\u00a0\u00a0\u00a0\u00a0\u00a0\u00a0\u00a0\u00a0\u00a0\u00a0\u00a0\u00a0\u00a0\u00a0\u00a0\u00a0\u00a0\u00a0\u00a0\u00a0\u00a0\u00a0\u00a0\u00a0\u00a0\u00a0\u00a0\u00a0\u00a0\u00a0 <u>0,5 l Flasche\u00a0\u00a0 11,00 \u20ac<br \/>\n<\/u><\/span><\/h5>\n<p><span style=\"font-family: arial, helvetica, sans-serif; font-size: 14pt;\">\u00a0&#8211; Apfelbrand<br \/>\n<\/span><\/p>\n<p><span style=\"font-family: arial, helvetica, sans-serif; font-size: 14pt;\">\u00a0&#8211; Birnenbrand<br \/>\n<\/span><\/p>\n<p><span style=\"font-family: arial, helvetica, sans-serif; font-size: 14pt;\">\u00a0&#8211; Zwetschgenwasser<br \/>\n<\/span><\/p>\n<p><span style=\"font-family: arial, helvetica, sans-serif; font-size: 14pt;\">\u00a0&#8211; Kirschwasser<br \/>\n<\/span><\/p>\n<p><span style=\"font-family: arial, helvetica, sans-serif; font-size: 14pt;\">\u00a0&#8211; Obstler<br \/>\n<\/span><\/p>\n<p><span style=\"font-family: arial, helvetica, sans-serif; font-size: 14pt;\">\u00a0&#8211; Traubenbrand<br \/>\n<\/span><\/p>\n<p><span style=\"font-family: arial, helvetica, sans-serif; font-size: 14pt;\">\u00a0&#8211; Anisbrand\u00a0 <\/span><\/p>\n<p><span style=\"font-family: arial, helvetica, sans-serif; font-size: 14pt;\">&#8211; Quittenbrand<br \/>\n<\/span><\/p>\n<p><span style=\"font-family: arial, helvetica, sans-serif; font-size: 14pt;\"><u>Unsere Exklusiv-Br\u00e4nde:<\/u>\u00a0\u00a0\u00a0\u00a0\u00a0\u00a0\u00a0\u00a0\u00a0\u00a0\u00a0\u00a0\u00a0\u00a0\u00a0\u00a0 <u>0,35 l Flasche\u00a0\u00a0\u00a0 11,00 \u20ac<br \/>\n<\/u><\/span><\/p>\n<p><span style=\"font-family: arial, helvetica, sans-serif; font-size: 14pt;\">\u00a0&#8211; Mirabellenbrand<\/span><\/p>\n<p><span style=\"font-family: arial, helvetica, sans-serif; font-size: 14pt;\">\u00a0&#8211; Mispelbrand<\/span><\/p>\n<p><span style=\"font-family: arial, helvetica, sans-serif; font-size: 14pt;\">\u00a0&#8211; Birne-Williams<\/span><\/p>\n<p><span style=\"font-family: arial, helvetica, sans-serif; font-size: 14pt;\">\u00a0&#8211; Apfel-Gala<\/span><\/p>\n<p><span style=\"font-family: arial, helvetica, sans-serif; font-size: 14pt;\">\u00a0<\/span><span style=\"font-family: arial, helvetica, sans-serif; font-size: 14pt;\">&#8211; Traubenbrand blau<\/span><\/p>\n<p><span style=\"font-family: arial, helvetica, sans-serif; font-size: 14pt;\">Damit der sehr gute Geschmack und das Aroma hervorgeht, <\/span><span style=\"font-family: arial, helvetica, sans-serif; font-size: 14pt;\">hat der Brand einen Alkoholgehalt von 42 % Vol.<\/span><\/p>\n<p><span style=\"font-family: arial, helvetica, sans-serif; font-size: 14pt;\">Unsere Lik\u00f6re werden traditionell mit Fr\u00fcchten aus unseren Obstg\u00e4rten ohne k\u00e4ufliche Konzentrate angesetzt. Durch dieses alt bew\u00e4hrte Verfahren erhalten die Lik\u00f6re einen sehr fruchtigen und vollmundigen Geschmack.<\/span><\/p>\n<p><span style=\"font-family: arial, helvetica, sans-serif; font-size: 14pt;\">\u00a0<u>Unsere Lik\u00f6re:<\/u> \u00a0\u00a0\u00a0\u00a0\u00a0\u00a0\u00a0\u00a0\u00a0\u00a0\u00a0 <span style=\"text-decoration: underline;\">0,35 l Flasche \u00a0 \u00a0 9,00 \u20ac<\/span><br \/>\n<\/span><\/p>\n<p><span style=\"font-family: arial, helvetica, sans-serif; font-size: 14pt;\">\u00a0&#8211; Apfel-Calvados<br \/>\n<\/span><\/p>\n<p><span style=\"font-family: arial, helvetica, sans-serif; font-size: 14pt;\">\u00a0&#8211; Sauerkirschlik\u00f6r<br \/>\n<\/span><\/p>\n<p><span style=\"font-family: arial, helvetica, sans-serif; font-size: 14pt;\">\u00a0&#8211; Schlehenlik\u00f6r<br \/>\n<\/span><\/p>\n<p><span style=\"font-family: arial, helvetica, sans-serif; font-size: 14pt;\">\u00a0&#8211; Holunderlik\u00f6r<br \/>\n<\/span><\/p>\n<p><span style=\"font-family: arial, helvetica, sans-serif; font-size: 14pt;\">\u00a0&#8211; Holunderbl\u00fctenlik\u00f6r<br \/>\n<\/span><\/p>\n<p><span style=\"font-family: arial, helvetica, sans-serif; font-size: 14pt;\">\u00a0&#8211; Johannisbeerlik\u00f6r<br \/>\n<\/span><\/p>\n<p><span style=\"font-family: arial, helvetica, sans-serif; font-size: 14pt;\">\u00a0&#8211; Walnusslik\u00f6r<br \/>\n<\/span><\/p>\n<p><span style=\"font-family: arial, helvetica, sans-serif; font-size: 14pt;\">\u00a0&#8211; Haselnusslik\u00f6r<br \/>\n<\/span><\/p>\n<p><span style=\"font-family: arial, helvetica, sans-serif; font-size: 14pt;\">\u00a0&#8211; Nusslik\u00f6r aus der gr\u00fcnen Walnuss<br \/>\n<\/span><\/p>\n<p><span style=\"font-family: arial, helvetica, sans-serif; font-size: 14pt;\">\u00a0&#8211; Kaffeelik\u00f6r<br \/>\n<\/span><\/p>\n<p><span style=\"font-family: arial, helvetica, sans-serif; font-size: 14pt;\">\u00a0&#8211; Schokolik\u00f6r<br \/>\n<\/span><\/p>\n<p><span style=\"font-family: arial, helvetica, sans-serif; font-size: 14pt;\">\u00a0&#8211; Eierlik\u00f6r<br \/>\n<\/span><\/p>\n<p><span style=\"font-family: arial, helvetica, sans-serif; font-size: 14pt;\">\u00a0&#8211; Zwetschgenlik\u00f6r<br \/>\n<\/span><\/p>\n<p><span style=\"font-family: arial, helvetica, sans-serif; font-size: 14pt;\">\u00a0&#8211; Birnenlik\u00f6r<br \/>\n<\/span><\/p>\n<p><span style=\"font-family: arial, helvetica, sans-serif; font-size: 14pt;\">\u00a0&#8211; Apfellik\u00f6r<br \/>\n<\/span><\/p>\n<p><span style=\"font-family: arial, helvetica, sans-serif; font-size: 14pt;\">\u00a0&#8211; Bierlik\u00f6r<br \/>\n<\/span><\/p>\n<p><span style=\"font-family: arial, helvetica, sans-serif; font-size: 14pt;\">\u00a0&#8211; Rotweinlik\u00f6r <\/span><\/p>\n<p><span style=\"font-family: arial, helvetica, sans-serif; font-size: 14pt;\">&#8211; Weihnachtsbaumlik\u00f6re (Fichte, Tanne, Douglasie, Kiefer)<br \/>\n<\/span><\/p>\n<p><span style=\"text-decoration: underline;\"><span style=\"font-family: arial, helvetica, sans-serif; font-size: 14pt;\">Unsere Exklusiv-Lik\u00f6re:<\/span><\/span><span style=\"font-family: arial, helvetica, sans-serif; font-size: 14pt;\">\u00a0\u00a0\u00a0\u00a0\u00a0\u00a0\u00a0\u00a0\u00a0\u00a0\u00a0\u00a0\u00a0\u00a0\u00a0\u00a0 <\/span><span style=\"text-decoration: underline;\"><span style=\"font-family: arial, helvetica, sans-serif; font-size: 14pt;\">0,35 l Flasche\u00a0\u00a0\u00a0\u00a0 11,00 \u20ac<br \/>\n<\/span><\/span><\/p>\n<p><span style=\"font-family: arial, helvetica, sans-serif; font-size: 14pt;\">&#8211; Amaretto-Lik\u00f6r<\/span><\/p>\n<p><span style=\"font-family: arial, helvetica, sans-serif; font-size: 14pt;\">\u00a0&#8211; Roter Apfellik\u00f6r<\/span><\/p>\n<p><span style=\"font-family: arial, helvetica, sans-serif; font-size: 14pt;\">\u00a0&#8211; Pfirsichlik\u00f6r<\/span><\/p>\n<p><span style=\"font-family: arial, helvetica, sans-serif; font-size: 14pt;\">\u00a0&#8211; Quittenlik\u00f6r<\/span><\/p>\n<p><span style=\"font-family: arial, helvetica, sans-serif; font-size: 14pt;\">\u00a0&#8211; Waldfruchtlik\u00f6r<\/span><\/p>\n<p><span style=\"font-family: arial, helvetica, sans-serif; font-size: 14pt;\">\u00a0&#8211; Waldheidelbeerlik\u00f6r<\/span><\/p>\n<p><span style=\"font-family: arial, helvetica, sans-serif; font-size: 14pt;\">\u00a0&#8211; Brombeerlik\u00f6r<\/span><\/p>\n<p><span style=\"font-family: arial, helvetica, sans-serif; font-size: 14pt;\">\u00a0&#8211; Lavendellik\u00f6r<\/span><\/p>\n<p><span style=\"font-family: arial, helvetica, sans-serif; font-size: 14pt;\">\u00a0&#8211; Zitronenlik\u00f6r<\/span><\/p>\n<p><span style=\"font-family: arial, helvetica, sans-serif; font-size: 14pt;\">\u00a0&#8211; Pfefferminzlik\u00f6r<\/span><\/p>\n<p><span style=\"font-family: arial, helvetica, sans-serif; font-size: 14pt;\">\u00a0&#8211; Wildapfellik\u00f6r<\/span><\/p>\n<p><span style=\"font-family: arial, helvetica, sans-serif; font-size: 14pt;\">\u00a0&#8211; Wildbirnenlik\u00f6r<\/span><\/p>\n<p><span style=\"font-family: arial, helvetica, sans-serif; font-size: 14pt;\">\u00a0&#8211; Mirabellenlik\u00f6r<\/span><\/p>\n<p><span style=\"font-family: arial, helvetica, sans-serif; font-size: 14pt;\">Der Alkoholgehalt bei den Lik\u00f6ren betr\u00e4gt 35 % Vol.<\/span><\/p>\n<p><span style=\"font-family: arial, helvetica, sans-serif; font-size: 14pt;\">Alle Preise inkl. Mehrwertsteuer.<\/span><\/p>\n<p><span style=\"font-family: arial, helvetica, sans-serif; font-size: 14pt;\">Alle Flaschen sind mit Schraubverschluss und Schrumpfkapseln versiegelt.<\/span><\/p>\n<p><span style=\"font-family: arial, helvetica, sans-serif; font-size: 14pt;\">Bei Interesse versenden wir auch unsere Obstbr\u00e4nde und Lik\u00f6re.<\/span><\/p>\n<p><span style=\"font-family: arial, helvetica, sans-serif; font-size: 14pt;\">Schreiben Sie uns eine Email. Versandkosten nach R\u00fccksprache.<\/span><\/p>\n<p><span style=\"font-family: arial, helvetica, sans-serif; font-size: 14pt;\">Kein Verkauf an Jugendliche unter 18 Jahren.<\/span><\/p>\n<p style=\"text-align: center;\"><span style=\"font-family: arial, helvetica, sans-serif; font-size: 14pt;\"><u><br \/>\n<\/u>\u00a0\u00a0\u00a0\u00a0\u00a0 <em>\u00a0\u00a0\u00a0\u00a0\u00a0\u00a0\u00a0\u00a0 <u>Wir brennen auch Ihr Obst<\/u><\/em><\/span><\/p>\n<p style=\"text-align: center;\"><span style=\"font-family: arial, helvetica, sans-serif; font-size: 14pt;\"><em>Seien Sie mit dabei, wie aus Ihrem Obst ein hochprozentiger Genuss wird.<\/em><\/span><\/p>\n<p style=\"text-align: center;\"><span style=\"font-family: arial, helvetica, sans-serif; font-size: 14pt;\"><em>Wir brennen Ihre Obstmaische, stellen das Destillat auf den gew\u00fcnschten Alkoholgehalt ein und filtern es zum trinkfertigen Obstbrand aus Ihrem eigenen Obst.<\/em><\/span><\/p>\n","protected":false},"excerpt":{"rendered":"<p>Unser Betrieb ist ein land- und forstwirtschaftlicher Familienbetrieb mit dem Schwerpunkt Anbau und Vermarktung von Weihnachtsb\u00e4umen, Obstbau mit einer Obstbrennerei und Hofladen 24 Selbstbedienung rund um die Uhr. Wir brennen seit 1993 Obstbr\u00e4nde und haben seit 2008 eine eigene Brennerei.<\/p>\n","protected":false},"author":1,"featured_media":0,"parent":0,"menu_order":0,"comment_status":"closed","ping_status":"closed","template":"","meta":{"footnotes":""},"class_list":["post-21","page","type-page","status-publish","hentry"],"_links":{"self":[{"href":"https:\/\/weihnachtsbaumhof-messthaler.de\/index.php?rest_route=\/wp\/v2\/pages\/21","targetHints":{"allow":["GET"]}}],"collection":[{"href":"https:\/\/weihnachtsbaumhof-messthaler.de\/index.php?rest_route=\/wp\/v2\/pages"}],"about":[{"href":"https:\/\/weihnachtsbaumhof-messthaler.de\/index.php?rest_route=\/wp\/v2\/types\/page"}],"author":[{"embeddable":true,"href":"https:\/\/weihnachtsbaumhof-messthaler.de\/index.php?rest_route=\/wp\/v2\/users\/1"}],"replies":[{"embeddable":true,"href":"https:\/\/weihnachtsbaumhof-messthaler.de\/index.php?rest_route=%2Fwp%2Fv2%2Fcomments&post=21"}],"version-history":[{"count":13,"href":"https:\/\/weihnachtsbaumhof-messthaler.de\/index.php?rest_route=\/wp\/v2\/pages\/21\/revisions"}],"predecessor-version":[{"id":635,"href":"https:\/\/weihnachtsbaumhof-messthaler.de\/index.php?rest_route=\/wp\/v2\/pages\/21\/revisions\/635"}],"wp:attachment":[{"href":"https:\/\/weihnachtsbaumhof-messthaler.de\/index.php?rest_route=%2Fwp%2Fv2%2Fmedia&parent=21"}],"curies":[{"name":"wp","href":"https:\/\/api.w.org\/{rel}","templated":true}]}}