{"id":25,"date":"2018-10-22T14:51:33","date_gmt":"2018-10-22T14:51:33","guid":{"rendered":"https:\/\/weihnachtsbaumhof-messthaler.de\/?page_id=25"},"modified":"2025-12-05T14:09:49","modified_gmt":"2025-12-05T14:09:49","slug":"startseite-unser-hof","status":"publish","type":"page","link":"https:\/\/weihnachtsbaumhof-messthaler.de\/","title":{"rendered":"Unser Hof"},"content":{"rendered":"<p><span style=\"font-family: arial, helvetica, sans-serif; font-size: 14pt;\"><strong><em>Wir freuen uns, Sie auf unserer Internetseite begr\u00fc\u00dfen zu d\u00fcrfen.\u00a0<\/em><\/strong><\/span><\/p>\n<p><span style=\"font-family: arial, helvetica, sans-serif; font-size: 14pt;\">Unser Hof und unsere Weihnachtsbaumkulturen befinden sich auf der Juchh\u00f6h in 91729 Obererlbach. Obererlbach liegt im Fr\u00e4nkischen Seenland an der B466 zwischen Gunzenhausen und Schwabach.<\/span><\/p>\n<p><span style=\"font-family: arial, helvetica, sans-serif; font-size: 14pt;\">Unser Betrieb ist ein land- und forstwirtschaftlicher Familienbetrieb mit dem Schwerpunkt Anbau und Vermarktung von Weihnachtsb\u00e4umen, Obstbau mit einer Obstbrennerei, Hofladen rund um die Uhr ge\u00f6ffnet, Direktvermarktung, Einkaufen auf dem Bauernhof sowie Winterdienst und M\u00e4harbeiten.<\/span><\/p>\n<p><span style=\"font-family: arial, helvetica, sans-serif; font-size: 20px;\">Wir haben alle B\u00e4ume aus unseren eigenen Kulturen und verkaufen nur bei uns in Obererlbach am Weihnachtsbaumhof Me\u00dfthaler.<\/span><\/p>\n<p><span style=\"font-family: arial, helvetica, sans-serif; font-size: 14pt;\">Seit fast 40 Jahren besch\u00e4ftigen wir uns mit dem Anbau und Verkauf von Weihnachtsb\u00e4umen. Jedes Jahr ab dem 1. Adventswochenende verwandelt sich unser Hof in einen Wald mit Weihnachtsb\u00e4umen.<\/span><\/p>\n<p><span style=\"font-family: arial, helvetica, sans-serif; font-size: 14pt;\">Wenn Sie Wert auf einen nat\u00fcrlich gewachsenen Weihnachtsbaum legen, dann sind Sie bei uns genau richtig. Unsere B\u00e4ume wachsen naturnah ohne chemischen Pflanzenschutz und frei von Pestiziden. Wir verwenden keine Insektizide, keine Herbizide und keine Fungizide.<br \/>\n<\/span><\/p>\n<p><span style=\"font-family: arial, helvetica, sans-serif; font-size: 14pt;\">Bei uns k\u00f6nnen Sie sich Ihren Weihnachtsbaum (Nordmanntannen, Blaufichten, Kiefern, topfgewachsene Nordmanntannen) in verschiedenen Gr\u00f6\u00dfen aussuchen.<\/span><\/p>\n<p><span style=\"font-family: arial, helvetica, sans-serif; font-size: 14pt;\">Nordmanntannen\u00a0\u00a0\u00a0\u00a0\u00a0 60 &#8211; 100 cm<\/span><\/p>\n<p><span style=\"font-family: arial, helvetica, sans-serif; font-size: 14pt;\">Nordmanntannen\u00a0\u00a0\u00a0 100 &#8211; 150 cm<\/span><\/p>\n<p><span style=\"font-family: arial, helvetica, sans-serif; font-size: 14pt;\">Nordmanntannen\u00a0\u00a0\u00a0 150 &#8211; 200 cm<\/span><\/p>\n<p><span style=\"font-family: arial, helvetica, sans-serif; font-size: 14pt;\">Nordmanntannen\u00a0\u00a0\u00a0 200 &#8211; 250 cm<\/span><\/p>\n<p><span style=\"font-family: arial, helvetica, sans-serif; font-size: 14pt;\">Nordmanntannen \u00a0\u00a0 250 &#8211; 300 cm<\/span><\/p>\n<p><span style=\"font-family: arial, helvetica, sans-serif; font-size: 14pt;\">Nordmanntannen\u00a0\u00a0\u00a0 300 &#8211; 600 cm (Dekob\u00e4ume)<\/span><\/p>\n<p><span style=\"font-family: arial, helvetica, sans-serif; font-size: 14pt;\">Blaufichten\u00a0\u00a0\u00a0\u00a0\u00a0\u00a0\u00a0\u00a0\u00a0\u00a0\u00a0\u00a0\u00a0 150 &#8211; 250 cm<\/span><\/p>\n<p><span style=\"font-family: arial, helvetica, sans-serif; font-size: 14pt;\">Kiefern\u00a0\u00a0\u00a0\u00a0\u00a0\u00a0\u00a0\u00a0\u00a0\u00a0\u00a0\u00a0\u00a0\u00a0\u00a0\u00a0\u00a0\u00a0\u00a0\u00a0 150 &#8211; 230 cm<\/span><\/p>\n<p><span style=\"font-family: arial, helvetica, sans-serif; font-size: 14pt;\">Topfgewachsene Nordmanntannen im Topf\u00a0\u00a0\u00a0 30 &#8211;\u00a0 50 cm<\/span><\/p>\n<p><span style=\"font-family: arial, helvetica, sans-serif; font-size: 14pt;\">Topfgewachsene Nordmanntannen im Topf\u00a0\u00a0\u00a0 60 &#8211; 80 cm<\/span><\/p>\n<p><span style=\"font-family: arial, helvetica, sans-serif; font-size: 14pt;\">(Sortimente k\u00f6nnen ausverkauft sein)<\/span><\/p>\n<p><span style=\"font-family: arial, helvetica, sans-serif; font-size: 14pt;\">Unser Verkaufsplatz am Hof mit einer Fl\u00e4che von mehr als 1000 m\u00b2 ist bei Dunkelheit beleuchtet.<\/span><\/p>\n<p><span style=\"font-family: arial, helvetica, sans-serif; font-size: 14pt;\">Wir haben st\u00e4ndig \u00fcber 150 B\u00e4ume f\u00fcr Sie aufgestellt.<\/span><\/p>\n<p><span style=\"font-family: arial, helvetica, sans-serif; font-size: 14pt;\">Damit Sie auch bei schlechtem Wetter problemlos Ihren Traumbaum w\u00e4hlen k\u00f6nnen, haben wir auch einen \u00fcberdachten Hallenbereich.<\/span><\/p>\n<p><span style=\"font-family: arial, helvetica, sans-serif; font-size: 14pt;\">Bei der Auswahl des richtigen Baumes helfen wir Ihnen gerne weiter.<\/span><\/p>\n<p><span style=\"font-family: arial, helvetica, sans-serif; font-size: 14pt;\">Ihren Weihnachtsbaum netzen wir selbstverst\u00e4ndlich zum besseren transportieren wieder ein und auf Wunsch wird er passend f\u00fcr Ihren Weihnachtsbaumst\u00e4nder angespitzt.<\/span><\/p>\n<p style=\"text-align: center;\"><span style=\"font-family: arial, helvetica, sans-serif; font-size: 14pt;\">Und da Weihnachten nicht alle Tage ist &#8211;<\/span><\/p>\n<p style=\"text-align: center;\"><span style=\"font-family: arial, helvetica, sans-serif; font-size: 14pt;\">gibt es bei uns <u>Schnaps und Lik\u00f6re aus der hofeigenen Brennerei<\/u>,<\/span><\/p>\n<p style=\"text-align: center;\"><span style=\"font-family: arial, helvetica, sans-serif; font-size: 14pt;\">leckeren Gl\u00fchwein sowie Stollen<\/span><\/p>\n<p style=\"text-align: center;\"><span style=\"font-family: arial, helvetica, sans-serif; font-size: 14pt;\">zum Aufw\u00e4rmen und genie\u00dfen<\/span><\/p>\n<p style=\"text-align: center;\"><span style=\"font-family: arial, helvetica, sans-serif; font-size: 14pt;\"><strong><em>&#8211; und das nat\u00fcrlich gratis!!!<\/em><\/strong><\/span><\/p>\n<p><span style=\"font-family: arial, helvetica, sans-serif; font-size: 14pt;\">Weihnachtsmusik und die weihnachtliche Atmosph\u00e4re inmitten der vielen Weihnachtsb\u00e4ume macht das Aussuchen des Weihnachtsbaumes zu einer entspannten Vorbereitung auf das Weihnachtsfest.<\/span><\/p>\n<p><span style=\"font-family: arial, helvetica, sans-serif; font-size: 14pt;\"><u>Dekob\u00e4ume bis 6 m<\/u><\/span><\/p>\n<p><span style=\"font-family: arial, helvetica, sans-serif; font-size: 14pt;\">F\u00fcr Gemeinden, St\u00e4dte, Dorfpl\u00e4tze, Kirchen usw. haben wir auch gro\u00dfe Nordmanntannen. Dekob\u00e4ume bis 6 m hoch. Auch gr\u00f6\u00dfere B\u00e4ume oder Sonderw\u00fcnsche sind auf Anfrage m\u00f6glich. Viele Firmen, St\u00e4dte, Gemeinden und Kirchen z\u00e4hlen seit vielen Jahren zu unseren Kunden.<\/span><\/p>\n<p><span style=\"font-family: arial, helvetica, sans-serif; font-size: 14pt;\">Dekob\u00e4ume bitte rechtzeitig vorbestellen.<\/span><\/p>\n<p><span style=\"font-family: arial, helvetica, sans-serif; font-size: 14pt;\">Die Anfahrt zu unserem Hof ist in Obererlbach beschildert<\/span><\/p>\n<p><img loading=\"lazy\" decoding=\"async\" class=\"alignleft size-full wp-image-639\" src=\"https:\/\/weihnachtsbaumhof-messthaler.de\/wp-content\/uploads\/2024\/11\/FB_IMG_1732572733378.jpg\" alt=\"\" width=\"1080\" height=\"810\" srcset=\"https:\/\/weihnachtsbaumhof-messthaler.de\/wp-content\/uploads\/2024\/11\/FB_IMG_1732572733378.jpg 1080w, https:\/\/weihnachtsbaumhof-messthaler.de\/wp-content\/uploads\/2024\/11\/FB_IMG_1732572733378-500x375.jpg 500w, https:\/\/weihnachtsbaumhof-messthaler.de\/wp-content\/uploads\/2024\/11\/FB_IMG_1732572733378-1024x768.jpg 1024w, https:\/\/weihnachtsbaumhof-messthaler.de\/wp-content\/uploads\/2024\/11\/FB_IMG_1732572733378-768x576.jpg 768w\" sizes=\"auto, (max-width: 1080px) 100vw, 1080px\" \/><img loading=\"lazy\" decoding=\"async\" class=\"alignleft  wp-image-642\" src=\"https:\/\/weihnachtsbaumhof-messthaler.de\/wp-content\/uploads\/2024\/11\/IMG-20201127-WA0002.jpg\" alt=\"\" width=\"1081\" height=\"608\" srcset=\"https:\/\/weihnachtsbaumhof-messthaler.de\/wp-content\/uploads\/2024\/11\/IMG-20201127-WA0002.jpg 1600w, https:\/\/weihnachtsbaumhof-messthaler.de\/wp-content\/uploads\/2024\/11\/IMG-20201127-WA0002-500x281.jpg 500w, https:\/\/weihnachtsbaumhof-messthaler.de\/wp-content\/uploads\/2024\/11\/IMG-20201127-WA0002-1024x576.jpg 1024w, https:\/\/weihnachtsbaumhof-messthaler.de\/wp-content\/uploads\/2024\/11\/IMG-20201127-WA0002-768x432.jpg 768w, https:\/\/weihnachtsbaumhof-messthaler.de\/wp-content\/uploads\/2024\/11\/IMG-20201127-WA0002-1536x864.jpg 1536w\" sizes=\"auto, (max-width: 1081px) 100vw, 1081px\" \/><\/p>\n","protected":false},"excerpt":{"rendered":"<p>Wir freuen uns, Sie auf unserer Internetseite begr\u00fc\u00dfen zu d\u00fcrfen.\u00a0 Unser Hof und unsere Weihnachtsbaumkulturen befinden sich auf der Juchh\u00f6h in 91729 Obererlbach. Obererlbach liegt im Fr\u00e4nkischen Seenland an der B466 zwischen Gunzenhausen und Schwabach. Unser Betrieb ist ein land-<\/p>\n","protected":false},"author":1,"featured_media":0,"parent":0,"menu_order":0,"comment_status":"closed","ping_status":"closed","template":"","meta":{"footnotes":""},"class_list":["post-25","page","type-page","status-publish","hentry"],"_links":{"self":[{"href":"https:\/\/weihnachtsbaumhof-messthaler.de\/index.php?rest_route=\/wp\/v2\/pages\/25","targetHints":{"allow":["GET"]}}],"collection":[{"href":"https:\/\/weihnachtsbaumhof-messthaler.de\/index.php?rest_route=\/wp\/v2\/pages"}],"about":[{"href":"https:\/\/weihnachtsbaumhof-messthaler.de\/index.php?rest_route=\/wp\/v2\/types\/page"}],"author":[{"embeddable":true,"href":"https:\/\/weihnachtsbaumhof-messthaler.de\/index.php?rest_route=\/wp\/v2\/users\/1"}],"replies":[{"embeddable":true,"href":"https:\/\/weihnachtsbaumhof-messthaler.de\/index.php?rest_route=%2Fwp%2Fv2%2Fcomments&post=25"}],"version-history":[{"count":20,"href":"https:\/\/weihnachtsbaumhof-messthaler.de\/index.php?rest_route=\/wp\/v2\/pages\/25\/revisions"}],"predecessor-version":[{"id":646,"href":"https:\/\/weihnachtsbaumhof-messthaler.de\/index.php?rest_route=\/wp\/v2\/pages\/25\/revisions\/646"}],"wp:attachment":[{"href":"https:\/\/weihnachtsbaumhof-messthaler.de\/index.php?rest_route=%2Fwp%2Fv2%2Fmedia&parent=25"}],"curies":[{"name":"wp","href":"https:\/\/api.w.org\/{rel}","templated":true}]}}