{"id":402,"date":"2020-09-14T12:35:16","date_gmt":"2020-09-14T12:35:16","guid":{"rendered":"https:\/\/weihnachtsbaumhof-messthaler.de\/?page_id=402"},"modified":"2022-12-02T14:05:51","modified_gmt":"2022-12-02T14:05:51","slug":"verkauf","status":"publish","type":"page","link":"https:\/\/weihnachtsbaumhof-messthaler.de\/?page_id=402","title":{"rendered":"Verkauf"},"content":{"rendered":"\n<figure class=\"wp-block-image size-medium is-style-rounded\"><img loading=\"lazy\" decoding=\"async\" width=\"375\" height=\"500\" src=\"https:\/\/weihnachtsbaumhof-messthaler.de\/wp-content\/uploads\/2020\/12\/IMG_0001-375x500.jpg\" alt=\"Der\" class=\"wp-image-533\" srcset=\"https:\/\/weihnachtsbaumhof-messthaler.de\/wp-content\/uploads\/2020\/12\/IMG_0001-375x500.jpg 375w, https:\/\/weihnachtsbaumhof-messthaler.de\/wp-content\/uploads\/2020\/12\/IMG_0001-768x1024.jpg 768w, https:\/\/weihnachtsbaumhof-messthaler.de\/wp-content\/uploads\/2020\/12\/IMG_0001-1152x1536.jpg 1152w, https:\/\/weihnachtsbaumhof-messthaler.de\/wp-content\/uploads\/2020\/12\/IMG_0001-1536x2048.jpg 1536w, https:\/\/weihnachtsbaumhof-messthaler.de\/wp-content\/uploads\/2020\/12\/IMG_0001-rotated.jpg 1704w\" sizes=\"auto, (max-width: 375px) 100vw, 375px\" \/><\/figure>\n\n\n\n<h2>\u00a0<\/h2>\n<h2 style=\"text-align: center;\">Verkauf jedes Adventswochenende<\/h2>\n<h2 style=\"text-align: center;\">Freitag, Samstag und Sonntag<\/h2>\n<h2 style=\"text-align: center;\">jeweils von 9.00 bis 17.00 Uhr<\/h2>\n<h2 style=\"text-align: center;\">sowie nach Vereinbarung.<\/h2>\n<h2>\u00a0<\/h2>\n<h2 style=\"text-align: center;\">Gro\u00dfer Verkaufsplatz in weihnachtlicher Atmosph\u00e4re.<\/h2>\n<h2 style=\"text-align: center;\">Gratis: Zum Weihnachtsbaumkauf<\/h2>\n<h2 style=\"text-align: center;\">Obstbr\u00e4nde und Lik\u00f6re aus der hofeigenen Obstbrennerei, Gl\u00fchwein und Stollen<\/h2>\n<h2>\u00a0<\/h2>\n<h2 style=\"text-align: center;\">Wir verkaufen nur bei uns am Weihnachtsbaumhof Me\u00dfthaler in Obererlbach.<\/h2>\n<h2 style=\"text-align: center;\">Wenn Sie einen heimischen und nat\u00fcrlich gewachsenen Baum m\u00f6chten bekommen Sie den nur bei uns am Hof in Obererlbach.<\/h2>\n<h2 style=\"text-align: center;\">Weihnachtsbaumhof Me\u00dfthaler,<\/h2>\n<h2 style=\"text-align: center;\">Juchh\u00f6hweg 15, 91729 Obererlbach<\/h2>\n<h2 style=\"text-align: center;\">Tel: 0172 &#8211; 8403129 oder 0176 &#8211; 39136520<\/h2>\n<h2 style=\"text-align: center;\">www.weihnachtsb\u00e4ume.bayern<\/h2>\n<h2 style=\"text-align: center;\">www.weihnachtsbaumhof-messthaler.de<\/h2>\n","protected":false},"excerpt":{"rendered":"<p>\u00a0 Verkauf jedes Adventswochenende Freitag, Samstag und Sonntag jeweils von 9.00 bis 17.00 Uhr sowie nach Vereinbarung. \u00a0 Gro\u00dfer Verkaufsplatz in weihnachtlicher Atmosph\u00e4re. Gratis: Zum Weihnachtsbaumkauf Obstbr\u00e4nde und Lik\u00f6re aus der hofeigenen Obstbrennerei, Gl\u00fchwein und Stollen \u00a0 Wir verkaufen nur<\/p>\n","protected":false},"author":1,"featured_media":0,"parent":0,"menu_order":0,"comment_status":"closed","ping_status":"closed","template":"","meta":{"footnotes":""},"class_list":["post-402","page","type-page","status-publish","hentry"],"_links":{"self":[{"href":"https:\/\/weihnachtsbaumhof-messthaler.de\/index.php?rest_route=\/wp\/v2\/pages\/402","targetHints":{"allow":["GET"]}}],"collection":[{"href":"https:\/\/weihnachtsbaumhof-messthaler.de\/index.php?rest_route=\/wp\/v2\/pages"}],"about":[{"href":"https:\/\/weihnachtsbaumhof-messthaler.de\/index.php?rest_route=\/wp\/v2\/types\/page"}],"author":[{"embeddable":true,"href":"https:\/\/weihnachtsbaumhof-messthaler.de\/index.php?rest_route=\/wp\/v2\/users\/1"}],"replies":[{"embeddable":true,"href":"https:\/\/weihnachtsbaumhof-messthaler.de\/index.php?rest_route=%2Fwp%2Fv2%2Fcomments&post=402"}],"version-history":[{"count":12,"href":"https:\/\/weihnachtsbaumhof-messthaler.de\/index.php?rest_route=\/wp\/v2\/pages\/402\/revisions"}],"predecessor-version":[{"id":617,"href":"https:\/\/weihnachtsbaumhof-messthaler.de\/index.php?rest_route=\/wp\/v2\/pages\/402\/revisions\/617"}],"wp:attachment":[{"href":"https:\/\/weihnachtsbaumhof-messthaler.de\/index.php?rest_route=%2Fwp%2Fv2%2Fmedia&parent=402"}],"curies":[{"name":"wp","href":"https:\/\/api.w.org\/{rel}","templated":true}]}}