{"id":422,"date":"2020-10-07T11:40:56","date_gmt":"2020-10-07T11:40:56","guid":{"rendered":"https:\/\/weihnachtsbaumhof-messthaler.de\/?page_id=422"},"modified":"2024-05-25T13:51:09","modified_gmt":"2024-05-25T13:51:09","slug":"hofladen-24h","status":"publish","type":"page","link":"https:\/\/weihnachtsbaumhof-messthaler.de\/?page_id=422","title":{"rendered":"Hofladen 24h"},"content":{"rendered":"\n<h4 style=\"text-align: center;\">Einkaufen auf dem Bauernhof<\/h4>\n<h4 style=\"text-align: center;\">24h Hofladen<\/h4>\n<h4 style=\"text-align: center;\">Selbstbedienung rund um die Uhr<\/h4>\n<p><img loading=\"lazy\" decoding=\"async\" class=\"wp-image-577 aligncenter\" src=\"https:\/\/weihnachtsbaumhof-messthaler.de\/wp-content\/uploads\/2021\/10\/Screenshot_20210928-092600_Drive.jpg\" alt=\"\" width=\"223\" height=\"313\" srcset=\"https:\/\/weihnachtsbaumhof-messthaler.de\/wp-content\/uploads\/2021\/10\/Screenshot_20210928-092600_Drive.jpg 1053w, https:\/\/weihnachtsbaumhof-messthaler.de\/wp-content\/uploads\/2021\/10\/Screenshot_20210928-092600_Drive-356x500.jpg 356w, https:\/\/weihnachtsbaumhof-messthaler.de\/wp-content\/uploads\/2021\/10\/Screenshot_20210928-092600_Drive-730x1024.jpg 730w, https:\/\/weihnachtsbaumhof-messthaler.de\/wp-content\/uploads\/2021\/10\/Screenshot_20210928-092600_Drive-768x1078.jpg 768w\" sizes=\"auto, (max-width: 223px) 100vw, 223px\" \/><\/p>\n<h4><span style=\"font-size: 20px; color: #000000;\">&#8211; Frische Eier aus unserer Freilandhaltung (heimisch-regionales Futter)<\/span><\/h4>\n<h4><span style=\"font-size: 20px; color: #000000;\">&#8211; 7 verschiedene Sorten Landnudeln von Eiern aus unserer Freilandhaltung (heimisch-regionales Futter) mit Hartzweizengrie\u00df\u00a0 <br \/><\/span><\/h4>\n<h4><span style=\"font-size: 20px; color: #000000;\">&#8211; Honig vom Imker aus Obererlbach (Sommer \/ Wald \/ Bl\u00fcten)<br \/><\/span><\/h4>\n<h4><span style=\"font-size: 20px; color: #000000;\">&#8211; 15 verschiedene Sorten Wurstgl\u00e4ser vom Strohschwein (Fr\u00e4nkisches Landschwein, heimisch-regionales Futter)<\/span><\/h4>\n<p><span style=\"font-size: 20px; color: #000000;\">&#8211; Schaschliktopf und Hackfleischsauce <\/span><\/p>\n<p><span style=\"font-size: 20px; color: #000000;\">\u00a0&#8211; Ger\u00e4ucherter Schinken und Bauch sowie Bratw\u00fcrste und Pfefferbei\u00dfer <\/span><\/p>\n<p><span style=\"font-size: 20px; color: #000000;\">\u00a0&#8211; H\u00fchnersuppe mit Fleisch vom Weidehuhn (Freilandhaltung) <\/span><\/p>\n<p><span style=\"font-size: 20px; color: #000000;\">\u00a0&#8211; H\u00fchnerbr\u00fche vom Weidehuhn (Freilandhaltung) <\/span><\/p>\n<p><span style=\"font-size: 20px; color: #000000;\">\u00a0<\/span><span style=\"font-size: 20px; color: #000000;\">&#8211; Suppeneinlagen: Bisquitkl\u00f6\u00dfchen und Pfannkuchen<\/span><\/p>\n<h4><span style=\"font-size: 20px; color: #000000;\">\u00a0&#8211; Fruchtaufstriche verschiedene Geschmacksrichtungen<\/span><\/h4>\n<h4><span style=\"font-size: 20px; color: #000000;\">\u00a0&#8211; Brotbackmischungen in 6 verschiedenen Sorten <\/span><\/h4>\n<h4><span style=\"font-size: 20px; color: #000000;\">\u00a0&#8211; Blaukraut und Gem\u00fcsegarten im Glas<\/span><\/h4>\n<h4><span style=\"font-size: 20px; color: #000000;\">&#8211; Apfelsaft und Apfel-Quittensaft im 5 l Bag-in-Box<\/span><\/h4>\n<h4><span style=\"font-size: 20px; color: #000000;\">&#8211; Fleischpakete vom Strohschwein, Enten und H\u00e4hnchen auf Vorbestellung (heimisch-regionales Futter)<\/span><\/h4>\n<h4><span style=\"font-size: 20px; color: #000000;\">&#8211; Fr\u00e4nkische Obstbr\u00e4nde und Lik\u00f6re von unserer Obstbrennerei aus Obst von unseren Streuobstwiesen, ungespritzt und nat\u00fcrlich<\/span><\/h4>\n<h4><span style=\"font-size: 20px; color: #000000;\">Fleischpakete vom Fr\u00e4nkischen Landschwein (Schw\u00e4bisch-H\u00e4llischen Landschwein) mit heimisch-regionalem Futter aus dem Freiluftstall mit Stroh f\u00fcr mehr Tierwohl und bessere Fleischqualit\u00e4t (zu unseren Schlachtterminen (jeweils im Oktober) bitte vorbestellen).<\/span><\/h4>\n<h4><span style=\"font-size: 20px; color: #000000;\">Weideh\u00e4hnchen, Enten und Suppenh\u00fchner rechtzeitig vorbestellen.<\/span><\/h4>\n<h4><span style=\"font-size: 20px; color: #000000;\">Im Dezember an den Adventswochenenden frische Weihnachtsb\u00e4ume aus unseren Weihnachtsbaumkulturen, ohne chemischen Pflanzenschutz.<\/span><\/h4>\n<p>\u00a0<\/p>\n<h4><span style=\"font-size: 20px; color: #000000;\">Weihnachtsb\u00e4ume aus Bayern<\/span><\/h4>\n<h4>\u00a0<\/h4>\n<h4><span style=\"font-size: 20px; color: #000000;\">www.weihnachtsbaumhof-messthaler.de<\/span><\/h4>\n<h4><span style=\"font-size: 20px; color: #000000;\">www.obstbrennerei-messthaler.de<\/span><\/h4>\n<p><span style=\"font-size: 20px; color: #000000;\">Familie J\u00fcrgen und Stefanie Me\u00dfthaler<\/span><br \/><br \/><span style=\"font-size: 20px; color: #000000;\">Juchh\u00f6hweg 15<\/span><br \/><br \/><span style=\"font-size: 20px; color: #000000;\">91729 Obererlbach<\/span><br \/><br \/><span style=\"font-size: 20px; color: #000000;\">Tel: 0172\/8403129 oder 0176\/39136520<\/span><\/p>\n","protected":false},"excerpt":{"rendered":"<p>Einkaufen auf dem Bauernhof 24h Hofladen Selbstbedienung rund um die Uhr &#8211; Frische Eier aus unserer Freilandhaltung (heimisch-regionales Futter) &#8211; 7 verschiedene Sorten Landnudeln von Eiern aus unserer Freilandhaltung (heimisch-regionales Futter) mit Hartzweizengrie\u00df\u00a0 &#8211; Honig vom Imker aus Obererlbach (Sommer<\/p>\n","protected":false},"author":1,"featured_media":0,"parent":0,"menu_order":0,"comment_status":"closed","ping_status":"closed","template":"","meta":{"footnotes":""},"class_list":["post-422","page","type-page","status-publish","hentry"],"_links":{"self":[{"href":"https:\/\/weihnachtsbaumhof-messthaler.de\/index.php?rest_route=\/wp\/v2\/pages\/422","targetHints":{"allow":["GET"]}}],"collection":[{"href":"https:\/\/weihnachtsbaumhof-messthaler.de\/index.php?rest_route=\/wp\/v2\/pages"}],"about":[{"href":"https:\/\/weihnachtsbaumhof-messthaler.de\/index.php?rest_route=\/wp\/v2\/types\/page"}],"author":[{"embeddable":true,"href":"https:\/\/weihnachtsbaumhof-messthaler.de\/index.php?rest_route=\/wp\/v2\/users\/1"}],"replies":[{"embeddable":true,"href":"https:\/\/weihnachtsbaumhof-messthaler.de\/index.php?rest_route=%2Fwp%2Fv2%2Fcomments&post=422"}],"version-history":[{"count":21,"href":"https:\/\/weihnachtsbaumhof-messthaler.de\/index.php?rest_route=\/wp\/v2\/pages\/422\/revisions"}],"predecessor-version":[{"id":644,"href":"https:\/\/weihnachtsbaumhof-messthaler.de\/index.php?rest_route=\/wp\/v2\/pages\/422\/revisions\/644"}],"wp:attachment":[{"href":"https:\/\/weihnachtsbaumhof-messthaler.de\/index.php?rest_route=%2Fwp%2Fv2%2Fmedia&parent=422"}],"curies":[{"name":"wp","href":"https:\/\/api.w.org\/{rel}","templated":true}]}}