{"id":487,"date":"2020-11-11T18:53:08","date_gmt":"2020-11-11T18:53:08","guid":{"rendered":"https:\/\/weihnachtsbaumhof-messthaler.de\/?page_id=487"},"modified":"2020-11-11T18:53:09","modified_gmt":"2020-11-11T18:53:09","slug":"kontakt-2","status":"publish","type":"page","link":"https:\/\/weihnachtsbaumhof-messthaler.de\/?page_id=487","title":{"rendered":"Kontakt"},"content":{"rendered":"<h4><span style=\"font-family: arial, helvetica, sans-serif;\">Weihnachtsbaumhof Me\u00dfthaler<\/span><\/h4>\n<h4><span style=\"font-family: arial, helvetica, sans-serif;\">Weihnachtsb\u00e4ume Me\u00dfthaler Obererlbach<\/span><\/h4>\n<h4><span style=\"font-family: arial, helvetica, sans-serif;\">J\u00fcrgen Me\u00dfthaler<\/span><\/h4>\n<h4><span style=\"font-family: arial, helvetica, sans-serif;\">Juchh\u00f6hweg 15<\/span><\/h4>\n<h4><span style=\"font-family: arial, helvetica, sans-serif;\">91729 Obererlbach<\/span><\/h4>\n<h4><span style=\"font-family: arial, helvetica, sans-serif;\">Gemeinde Haundorf<br \/>\n<\/span><\/h4>\n<h4><span style=\"font-family: arial, helvetica, sans-serif;\">Tel: 0172 &#8211; 8403129<\/span><\/h4>\n<h4><span style=\"font-family: arial, helvetica, sans-serif;\">Tel: 0176 &#8211; 39136520<\/span><\/h4>\n<h4><span style=\"font-family: arial, helvetica, sans-serif;\">Fax: 09837 &#8211; 500<\/span><\/h4>\n<h4><span style=\"font-family: arial, helvetica, sans-serif;\">Email: info@weihnachtsbaumhof-messthaler.de<\/span><\/h4>\n<h4><span style=\"font-family: arial, helvetica, sans-serif;\">www.weihnachtsbaumhof-messthaler.de<\/span><\/h4>\n<h4><span style=\"font-family: arial, helvetica, sans-serif;\">www.weihnachtsb\u00e4ume.bayern<\/span><\/h4>\n","protected":false},"excerpt":{"rendered":"<p>Weihnachtsbaumhof Me\u00dfthaler Weihnachtsb\u00e4ume Me\u00dfthaler Obererlbach J\u00fcrgen Me\u00dfthaler Juchh\u00f6hweg 15 91729 Obererlbach Gemeinde Haundorf Tel: 0172 &#8211; 8403129 Tel: 0176 &#8211; 39136520 Fax: 09837 &#8211; 500 Email: info@weihnachtsbaumhof-messthaler.de www.weihnachtsbaumhof-messthaler.de www.weihnachtsb\u00e4ume.bayern<\/p>\n","protected":false},"author":1,"featured_media":0,"parent":0,"menu_order":0,"comment_status":"closed","ping_status":"closed","template":"","meta":{"footnotes":""},"class_list":["post-487","page","type-page","status-publish","hentry"],"_links":{"self":[{"href":"https:\/\/weihnachtsbaumhof-messthaler.de\/index.php?rest_route=\/wp\/v2\/pages\/487","targetHints":{"allow":["GET"]}}],"collection":[{"href":"https:\/\/weihnachtsbaumhof-messthaler.de\/index.php?rest_route=\/wp\/v2\/pages"}],"about":[{"href":"https:\/\/weihnachtsbaumhof-messthaler.de\/index.php?rest_route=\/wp\/v2\/types\/page"}],"author":[{"embeddable":true,"href":"https:\/\/weihnachtsbaumhof-messthaler.de\/index.php?rest_route=\/wp\/v2\/users\/1"}],"replies":[{"embeddable":true,"href":"https:\/\/weihnachtsbaumhof-messthaler.de\/index.php?rest_route=%2Fwp%2Fv2%2Fcomments&post=487"}],"version-history":[{"count":1,"href":"https:\/\/weihnachtsbaumhof-messthaler.de\/index.php?rest_route=\/wp\/v2\/pages\/487\/revisions"}],"predecessor-version":[{"id":488,"href":"https:\/\/weihnachtsbaumhof-messthaler.de\/index.php?rest_route=\/wp\/v2\/pages\/487\/revisions\/488"}],"wp:attachment":[{"href":"https:\/\/weihnachtsbaumhof-messthaler.de\/index.php?rest_route=%2Fwp%2Fv2%2Fmedia&parent=487"}],"curies":[{"name":"wp","href":"https:\/\/api.w.org\/{rel}","templated":true}]}}