{"id":497,"date":"2020-11-12T13:33:06","date_gmt":"2020-11-12T13:33:06","guid":{"rendered":"https:\/\/weihnachtsbaumhof-messthaler.de\/?page_id=497"},"modified":"2020-12-27T13:09:08","modified_gmt":"2020-12-27T13:09:08","slug":"zeitungsinserate","status":"publish","type":"page","link":"https:\/\/weihnachtsbaumhof-messthaler.de\/?page_id=497","title":{"rendered":"Videos\/Zeitung"},"content":{"rendered":"\n<figure id=\"attachment_500\" aria-describedby=\"caption-attachment-500\" style=\"width: 1232px\" class=\"wp-caption alignleft\"><img loading=\"lazy\" decoding=\"async\" class=\"wp-image-500 size-full\" src=\"https:\/\/weihnachtsbaumhof-messthaler.de\/wp-content\/uploads\/2020\/11\/20201112_140444-scaled.jpg\" alt=\"Zeitungsbericht Wochenanzeiger 20.12.2018\" width=\"1232\" height=\"2560\" srcset=\"https:\/\/weihnachtsbaumhof-messthaler.de\/wp-content\/uploads\/2020\/11\/20201112_140444-scaled.jpg 1232w, https:\/\/weihnachtsbaumhof-messthaler.de\/wp-content\/uploads\/2020\/11\/20201112_140444-241x500.jpg 241w, https:\/\/weihnachtsbaumhof-messthaler.de\/wp-content\/uploads\/2020\/11\/20201112_140444-493x1024.jpg 493w, https:\/\/weihnachtsbaumhof-messthaler.de\/wp-content\/uploads\/2020\/11\/20201112_140444-768x1596.jpg 768w, https:\/\/weihnachtsbaumhof-messthaler.de\/wp-content\/uploads\/2020\/11\/20201112_140444-739x1536.jpg 739w, https:\/\/weihnachtsbaumhof-messthaler.de\/wp-content\/uploads\/2020\/11\/20201112_140444-986x2048.jpg 986w\" sizes=\"auto, (max-width: 1232px) 100vw, 1232px\" \/><figcaption id=\"caption-attachment-500\" class=\"wp-caption-text\"><strong><span style=\"font-family: arial, helvetica, sans-serif; font-size: 24px;\">Zeitungsbericht Wochenanzeiger 20.12.2018<\/span><\/strong><\/figcaption><\/figure>\n<figure id=\"attachment_498\" aria-describedby=\"caption-attachment-498\" style=\"width: 2560px\" class=\"wp-caption alignleft\"><a class=\"https:\/\/www.nordbayern.de\/region\/gunzenhausen\/in-obererlbach-wachsen-bio-baume-1.8413608\" href=\"https:\/\/www.nordbayern.de\/region\/gunzenhausen\/in-obererlbach-wachsen-bio-baume-1.8413608\" target=\"_blank\" rel=\"https:\/\/www.nordbayern.de\/region\/gunzenhausen\/in-obererlbach-wachsen-bio-baume-1.8413608 noopener noreferrer\"><img loading=\"lazy\" decoding=\"async\" class=\"https:\/\/www.nordbayern.de\/region\/gunzenhausen\/in-obererlbach-wachsen-bio-baume-1.8413608 wp-image-498 size-full\" title=\"https:\/\/www.nordbayern.de\/region\/gunzenhausen\/in-obererlbach-wachsen-bio-baume-1.8413608\" src=\"https:\/\/weihnachtsbaumhof-messthaler.de\/wp-content\/uploads\/2020\/11\/20201112_140144-scaled.jpg\" alt=\"Zeitungsbericht Altm\u00fchl-Bote Gunzenhausen 17.12.2018\" width=\"2560\" height=\"1920\" srcset=\"https:\/\/weihnachtsbaumhof-messthaler.de\/wp-content\/uploads\/2020\/11\/20201112_140144-scaled.jpg 2560w, https:\/\/weihnachtsbaumhof-messthaler.de\/wp-content\/uploads\/2020\/11\/20201112_140144-500x375.jpg 500w, https:\/\/weihnachtsbaumhof-messthaler.de\/wp-content\/uploads\/2020\/11\/20201112_140144-1024x768.jpg 1024w, https:\/\/weihnachtsbaumhof-messthaler.de\/wp-content\/uploads\/2020\/11\/20201112_140144-768x576.jpg 768w, https:\/\/weihnachtsbaumhof-messthaler.de\/wp-content\/uploads\/2020\/11\/20201112_140144-1536x1152.jpg 1536w, https:\/\/weihnachtsbaumhof-messthaler.de\/wp-content\/uploads\/2020\/11\/20201112_140144-2048x1536.jpg 2048w\" sizes=\"auto, (max-width: 2560px) 100vw, 2560px\" \/><\/a><figcaption id=\"caption-attachment-498\" class=\"wp-caption-text\"><strong><span style=\"font-family: arial, helvetica, sans-serif; font-size: 24px;\">Zeitungsbericht Altm\u00fchl-Bote 17.12.2018 \u00a0 \u00a0 \u00a0 \u00a0 \u00a0 \u00a0 \u00a0 \u00a0 \u00a0 \u00a0 \u00a0 \u00a0 \u00a0 \u00a0 \u00a0 \u00a0 \u00a0\u00a0 \u00a0 \u00a0 \u00a0 \u00a0 \u00a0 \u00a0 \u00a0<\/span> <span style=\"font-family: arial, helvetica, sans-serif; font-size: 24px;\">https:\/\/www.nordbayern.de\/region\/gunzenhausen\/in-obererlbach-wachsen-bio-baume-1.8413608<\/span><\/strong><\/figcaption><\/figure>\n<figure id=\"attachment_499\" aria-describedby=\"caption-attachment-499\" style=\"width: 1920px\" class=\"wp-caption alignleft\"><img loading=\"lazy\" decoding=\"async\" class=\"wp-image-499 size-full\" src=\"https:\/\/weihnachtsbaumhof-messthaler.de\/wp-content\/uploads\/2020\/11\/20201112_140203-scaled.jpg\" alt=\"Zeitungsbericht WochenZeitung 27.11.2019\" width=\"1920\" height=\"2560\" srcset=\"https:\/\/weihnachtsbaumhof-messthaler.de\/wp-content\/uploads\/2020\/11\/20201112_140203-scaled.jpg 1920w, https:\/\/weihnachtsbaumhof-messthaler.de\/wp-content\/uploads\/2020\/11\/20201112_140203-375x500.jpg 375w, https:\/\/weihnachtsbaumhof-messthaler.de\/wp-content\/uploads\/2020\/11\/20201112_140203-768x1024.jpg 768w, https:\/\/weihnachtsbaumhof-messthaler.de\/wp-content\/uploads\/2020\/11\/20201112_140203-1152x1536.jpg 1152w, https:\/\/weihnachtsbaumhof-messthaler.de\/wp-content\/uploads\/2020\/11\/20201112_140203-1536x2048.jpg 1536w\" sizes=\"auto, (max-width: 1920px) 100vw, 1920px\" \/><figcaption id=\"caption-attachment-499\" class=\"wp-caption-text\"><strong><span style=\"font-family: arial, helvetica, sans-serif; font-size: 24px;\">Zeitungsbericht WochenZeitung 27.11.2019<\/span><\/strong><\/figcaption><\/figure>\n<h1><span style=\"font-family: arial, helvetica, sans-serif; font-size: 24px;\">\u00a0<\/span><\/h1>\n<h1><span style=\"font-size: 28px; font-family: arial, helvetica, sans-serif;\"><strong>Radio-Interview auf Bayern 1 und Bayern 3<br \/><\/strong><\/span><\/h1>\n<p><strong><span style=\"font-family: arial, helvetica, sans-serif; font-size: 24px;\">H\u00f6hlen und Nistk\u00e4sten f\u00fcr den \u00d6ko-Weihnachtsbaum &#8211; artenreiche Christbaumkultur<\/span><\/strong><\/p>\n<audio class=\"wp-audio-shortcode\" id=\"audio-497-1\" preload=\"none\" style=\"width: 100%;\" controls=\"controls\"><source type=\"audio\/mpeg\" src=\"https:\/\/weihnachtsbaumhof-messthaler.de\/wp-content\/uploads\/2020\/11\/Hoehlen-und-Nistkaesten-fuer-den-Oeko-Weihnachtsbaum-artenreiche-Christbaumkultur.mp3?_=1\" \/><a href=\"https:\/\/weihnachtsbaumhof-messthaler.de\/wp-content\/uploads\/2020\/11\/Hoehlen-und-Nistkaesten-fuer-den-Oeko-Weihnachtsbaum-artenreiche-Christbaumkultur.mp3\">https:\/\/weihnachtsbaumhof-messthaler.de\/wp-content\/uploads\/2020\/11\/Hoehlen-und-Nistkaesten-fuer-den-Oeko-Weihnachtsbaum-artenreiche-Christbaumkultur.mp3<\/a><\/audio>\n<p>\u00a0<\/p>\n<h1><span style=\"font-size: 28px;\"><strong><span style=\"font-family: arial, helvetica, sans-serif;\">Radio-Interview auf Radio F<\/span><\/strong><\/span><\/h1>\n<p><strong><span style=\"font-family: arial, helvetica, sans-serif; font-size: 24px;\">Guten Morgen Franken &#8211; Echter fr\u00e4nkischer nat\u00fcrlicher Weihnachtsbaum<\/span><\/strong><\/p>\n<audio class=\"wp-audio-shortcode\" id=\"audio-497-2\" preload=\"none\" style=\"width: 100%;\" controls=\"controls\"><source type=\"audio\/mpeg\" src=\"https:\/\/weihnachtsbaumhof-messthaler.de\/wp-content\/uploads\/2020\/11\/AUD-20191205-WA0000.m4a?_=2\" \/><a href=\"https:\/\/weihnachtsbaumhof-messthaler.de\/wp-content\/uploads\/2020\/11\/AUD-20191205-WA0000.m4a\">https:\/\/weihnachtsbaumhof-messthaler.de\/wp-content\/uploads\/2020\/11\/AUD-20191205-WA0000.m4a<\/a><\/audio>\n<p>\u00a0<\/p>\n<h1><strong><span style=\"font-family: arial, helvetica, sans-serif;\"><span style=\"font-size: 28px;\">Ausm\u00e4hen der Weihnachtsbaumkultur<\/span><\/span><\/strong><\/h1>\n<div style=\"width: 540px;\" class=\"wp-video\"><video class=\"wp-video-shortcode\" id=\"video-497-1\" width=\"540\" height=\"405\" preload=\"metadata\" controls=\"controls\"><source type=\"video\/mp4\" src=\"https:\/\/weihnachtsbaumhof-messthaler.de\/wp-content\/uploads\/2020\/11\/Ausmaehen-Weihnachtsbaumkultur.mp4?_=1\" \/><a href=\"https:\/\/weihnachtsbaumhof-messthaler.de\/wp-content\/uploads\/2020\/11\/Ausmaehen-Weihnachtsbaumkultur.mp4\">https:\/\/weihnachtsbaumhof-messthaler.de\/wp-content\/uploads\/2020\/11\/Ausmaehen-Weihnachtsbaumkultur.mp4<\/a><\/video><\/div>\n<h1><strong><span style=\"font-family: arial, helvetica, sans-serif; font-size: 28px;\">Schneiden der B\u00e4ume in der Weihnachtsbaumkultur<\/span><\/strong><\/h1>\n<div style=\"width: 540px;\" class=\"wp-video\"><video class=\"wp-video-shortcode\" id=\"video-497-2\" width=\"540\" height=\"297\" preload=\"metadata\" controls=\"controls\"><source type=\"video\/mp4\" src=\"https:\/\/weihnachtsbaumhof-messthaler.de\/wp-content\/uploads\/2020\/11\/Schneiden-Baeume-Kultur.mp4?_=2\" \/><a href=\"https:\/\/weihnachtsbaumhof-messthaler.de\/wp-content\/uploads\/2020\/11\/Schneiden-Baeume-Kultur.mp4\">https:\/\/weihnachtsbaumhof-messthaler.de\/wp-content\/uploads\/2020\/11\/Schneiden-Baeume-Kultur.mp4<\/a><\/video><\/div>\n<h1><strong><span style=\"font-family: arial, helvetica, sans-serif; font-size: 28px;\">Schneiden der Weihnachtsb\u00e4ume in der Weihnachtsbaumkultur<\/span><\/strong><\/h1>\n<div style=\"width: 540px;\" class=\"wp-video\"><video class=\"wp-video-shortcode\" id=\"video-497-3\" width=\"540\" height=\"297\" preload=\"metadata\" controls=\"controls\"><source type=\"video\/mp4\" src=\"https:\/\/weihnachtsbaumhof-messthaler.de\/wp-content\/uploads\/2020\/11\/Schneider-Baeume-Kultur-1.mp4?_=3\" \/><a href=\"https:\/\/weihnachtsbaumhof-messthaler.de\/wp-content\/uploads\/2020\/11\/Schneider-Baeume-Kultur-1.mp4\">https:\/\/weihnachtsbaumhof-messthaler.de\/wp-content\/uploads\/2020\/11\/Schneider-Baeume-Kultur-1.mp4<\/a><\/video><\/div>\n<p>\u00a0<\/p>\n<h1><strong><span style=\"font-family: arial, helvetica, sans-serif; font-size: 28px;\">Einnetzen der Weihnachtsb\u00e4ume am Hof<\/span><\/strong> <\/h1>\n<div style=\"width: 540px;\" class=\"wp-video\"><video class=\"wp-video-shortcode\" id=\"video-497-4\" width=\"540\" height=\"405\" preload=\"metadata\" controls=\"controls\"><source type=\"video\/mp4\" src=\"https:\/\/weihnachtsbaumhof-messthaler.de\/wp-content\/uploads\/2020\/12\/20201227_135450_1087059423707281.mp4?_=4\" \/><a href=\"https:\/\/weihnachtsbaumhof-messthaler.de\/wp-content\/uploads\/2020\/12\/20201227_135450_1087059423707281.mp4\">https:\/\/weihnachtsbaumhof-messthaler.de\/wp-content\/uploads\/2020\/12\/20201227_135450_1087059423707281.mp4<\/a><\/video><\/div>\n","protected":false},"excerpt":{"rendered":"<p>\u00a0 Radio-Interview auf Bayern 1 und Bayern 3 H\u00f6hlen und Nistk\u00e4sten f\u00fcr den \u00d6ko-Weihnachtsbaum &#8211; artenreiche Christbaumkultur \u00a0 Radio-Interview auf Radio F Guten Morgen Franken &#8211; Echter fr\u00e4nkischer nat\u00fcrlicher Weihnachtsbaum \u00a0 Ausm\u00e4hen der Weihnachtsbaumkultur Schneiden der B\u00e4ume in der Weihnachtsbaumkultur<\/p>\n","protected":false},"author":1,"featured_media":0,"parent":0,"menu_order":0,"comment_status":"closed","ping_status":"closed","template":"","meta":{"footnotes":""},"class_list":["post-497","page","type-page","status-publish","hentry"],"_links":{"self":[{"href":"https:\/\/weihnachtsbaumhof-messthaler.de\/index.php?rest_route=\/wp\/v2\/pages\/497","targetHints":{"allow":["GET"]}}],"collection":[{"href":"https:\/\/weihnachtsbaumhof-messthaler.de\/index.php?rest_route=\/wp\/v2\/pages"}],"about":[{"href":"https:\/\/weihnachtsbaumhof-messthaler.de\/index.php?rest_route=\/wp\/v2\/types\/page"}],"author":[{"embeddable":true,"href":"https:\/\/weihnachtsbaumhof-messthaler.de\/index.php?rest_route=\/wp\/v2\/users\/1"}],"replies":[{"embeddable":true,"href":"https:\/\/weihnachtsbaumhof-messthaler.de\/index.php?rest_route=%2Fwp%2Fv2%2Fcomments&post=497"}],"version-history":[{"count":8,"href":"https:\/\/weihnachtsbaumhof-messthaler.de\/index.php?rest_route=\/wp\/v2\/pages\/497\/revisions"}],"predecessor-version":[{"id":553,"href":"https:\/\/weihnachtsbaumhof-messthaler.de\/index.php?rest_route=\/wp\/v2\/pages\/497\/revisions\/553"}],"wp:attachment":[{"href":"https:\/\/weihnachtsbaumhof-messthaler.de\/index.php?rest_route=%2Fwp%2Fv2%2Fmedia&parent=497"}],"curies":[{"name":"wp","href":"https:\/\/api.w.org\/{rel}","templated":true}]}}