{"id":622,"date":"2023-07-30T12:50:11","date_gmt":"2023-07-30T12:50:11","guid":{"rendered":"https:\/\/weihnachtsbaumhof-messthaler.de\/?page_id=622"},"modified":"2024-11-26T08:53:08","modified_gmt":"2024-11-26T08:53:08","slug":"garten-und-landschaftsbau","status":"publish","type":"page","link":"https:\/\/weihnachtsbaumhof-messthaler.de\/?page_id=622","title":{"rendered":"Garten- und Landschaftspflege"},"content":{"rendered":"\n<p><img loading=\"lazy\" decoding=\"async\" class=\"wp-image-629 aligncenter\" src=\"https:\/\/weihnachtsbaumhof-messthaler.de\/wp-content\/uploads\/2023\/07\/Schild-Garten-und-Landschaftsbau.jpg\" alt=\"\" width=\"436\" height=\"308\" srcset=\"https:\/\/weihnachtsbaumhof-messthaler.de\/wp-content\/uploads\/2023\/07\/Schild-Garten-und-Landschaftsbau.jpg 1754w, https:\/\/weihnachtsbaumhof-messthaler.de\/wp-content\/uploads\/2023\/07\/Schild-Garten-und-Landschaftsbau-500x353.jpg 500w, https:\/\/weihnachtsbaumhof-messthaler.de\/wp-content\/uploads\/2023\/07\/Schild-Garten-und-Landschaftsbau-1024x724.jpg 1024w, https:\/\/weihnachtsbaumhof-messthaler.de\/wp-content\/uploads\/2023\/07\/Schild-Garten-und-Landschaftsbau-768x543.jpg 768w, https:\/\/weihnachtsbaumhof-messthaler.de\/wp-content\/uploads\/2023\/07\/Schild-Garten-und-Landschaftsbau-1536x1086.jpg 1536w\" sizes=\"auto, (max-width: 436px) 100vw, 436px\" \/><\/p>\n<p>Wir bieten Ihnen auch alle Gartenarbeiten inkl. Ger\u00e4te, Maschinen, Arbeitszeit, Entsorgung, An- und Abfahrt etc. zu einen fairen Festpreis an.<\/p>\n<p>&#8211; Rasen m\u00e4hen, Hochgras m\u00e4hen<br \/>&#8211; Hecken- und Strauchschnitt, Baumschnitt, Obstbaumschnitt<br \/>&#8211; Entsorgung von Gr\u00fcnabfall<br \/>&#8211; Pflanz- und Pflegearbeiten<br \/>&#8211; Unkraut j\u00e4ten, Unkraut entfernen<br \/>&#8211; Unkraut am Pflaster entfernen<br \/>&#8211; Garten Planung, Garten anlegen, Gartengestaltung<br \/>&#8211; Planung und Bau Gartenbew\u00e4sserung<br \/>&#8211; Rollrasen verlegen<br \/>&#8211; Beete pflegen, Beetpflege<br \/>&#8211; Liefern und Einbringen von Rindenmulch, Holzhackschnitzel<br \/>&#8211; Liefern und Bau von Hochbeeten inkl. Bef\u00fcllung<br \/>&#8211; Pflasterarbeiten, Gartenwege, Rasenkantensteine, Natursteinmauer<br \/>&#8211; Bau von Gartenhaus, Pergola, Schuppen, Unterstand, Terasse Holzbau<br \/>&#8211; Zaunbau, Sichtschutz, L\u00e4rmschutz etc<\/p>\n<p>Wir sind seit \u00fcber 30 Jahren in der Garten- und Landschaftspflege t\u00e4tig.<\/p>\n<p>Freuen uns auf Ihre Nachricht.<\/p>\n<p>Garten- und Landschaftspflege<br \/>J\u00fcrgen Me\u00dfthaler<br \/>Juchh\u00f6hweg 15<br \/>91729 Haundorf<br \/>Tel: 0172 \/ 8403129<br \/>Umsatzsteuer ID Nr<br \/>IHK N\u00fcrnberg f\u00fcr Mittelfranken &#8211; Identnummer: 10010065499<\/p>\n<p>Unser Betrieb ist Mitglied bei folgenden Verb\u00e4nden:<\/p>\n<p>\u2013 Bayerischer Landesverband f\u00fcr Gartenbau und Landespflege<br \/>\u2013 Landschaftspflegeverband Mittelfranken<br \/>\u2013 Obst- und Gartenbauverein Obererlbach (1. Vorsitzender)<br \/>\u2013 BUND Naturschutz in Bayern e.V.<br \/>\u2013 Franken Obst GmbH<br \/>\u2013 Bayerischer Bauernverband<br \/>\u2013 Gepr\u00fcfte Qualit\u00e4t Bayern<br \/>\u2013 Verband der bayerischen Christbaumanbauer<br \/>\u2013 Bundesverband der Weihnachtsbaumerzeuger<br \/>\u2013 Forstbetriebsgemeinschaft Franken S\u00fcd<br \/>\u2013 PEFC Zertifiziert PEFC Waldzertifizierung<br \/>\u2013 Maschinen- und Betriebshilfsring Wei\u00dfenburg-Gunzenhausen<\/p>\n<p>Wir arbeiten das ganze Jahr in der Natur mit Pflanzen, B\u00e4umen und Str\u00e4uchern und sind schon immer in der Gr\u00fcnen Branche t\u00e4tig.<\/p>\n<p>Wir arbeiten zuverl\u00e4ssig, kompetent und mit sehr viel Erfahrung.<\/p>\n<p>Ob Garten- und Landschaftspflege, Gartengestaltung, Bew\u00e4sserung f\u00fcr den Garten, Rasenbew\u00e4sserung, Obstbaumschnitt oder Baumf\u00e4llung, Holzbau im Garten, Gartenhaus, Pergola, Hochbeete uvm. &#8211; mit allen Arbeiten im bzw. rund um den Garten sind Sie bei uns genau richtig.<\/p>\n<p>Unser Ziel ist es Ihre W\u00fcnsche in Ihrem Garten umzusetzen.<\/p>\n<p>Sie k\u00f6nnen gerne anrufen oder WhatsApp schreiben: 0172 8403129.<\/p>\n","protected":false},"excerpt":{"rendered":"<p>Wir bieten Ihnen auch alle Gartenarbeiten inkl. Ger\u00e4te, Maschinen, Arbeitszeit, Entsorgung, An- und Abfahrt etc. zu einen fairen Festpreis an. &#8211; Rasen m\u00e4hen, Hochgras m\u00e4hen&#8211; Hecken- und Strauchschnitt, Baumschnitt, Obstbaumschnitt&#8211; Entsorgung von Gr\u00fcnabfall&#8211; Pflanz- und Pflegearbeiten&#8211; Unkraut j\u00e4ten, Unkraut entfernen&#8211;<\/p>\n","protected":false},"author":1,"featured_media":0,"parent":0,"menu_order":0,"comment_status":"closed","ping_status":"closed","template":"","meta":{"footnotes":""},"class_list":["post-622","page","type-page","status-publish","hentry"],"_links":{"self":[{"href":"https:\/\/weihnachtsbaumhof-messthaler.de\/index.php?rest_route=\/wp\/v2\/pages\/622","targetHints":{"allow":["GET"]}}],"collection":[{"href":"https:\/\/weihnachtsbaumhof-messthaler.de\/index.php?rest_route=\/wp\/v2\/pages"}],"about":[{"href":"https:\/\/weihnachtsbaumhof-messthaler.de\/index.php?rest_route=\/wp\/v2\/types\/page"}],"author":[{"embeddable":true,"href":"https:\/\/weihnachtsbaumhof-messthaler.de\/index.php?rest_route=\/wp\/v2\/users\/1"}],"replies":[{"embeddable":true,"href":"https:\/\/weihnachtsbaumhof-messthaler.de\/index.php?rest_route=%2Fwp%2Fv2%2Fcomments&post=622"}],"version-history":[{"count":4,"href":"https:\/\/weihnachtsbaumhof-messthaler.de\/index.php?rest_route=\/wp\/v2\/pages\/622\/revisions"}],"predecessor-version":[{"id":637,"href":"https:\/\/weihnachtsbaumhof-messthaler.de\/index.php?rest_route=\/wp\/v2\/pages\/622\/revisions\/637"}],"wp:attachment":[{"href":"https:\/\/weihnachtsbaumhof-messthaler.de\/index.php?rest_route=%2Fwp%2Fv2%2Fmedia&parent=622"}],"curies":[{"name":"wp","href":"https:\/\/api.w.org\/{rel}","templated":true}]}}